{"id":7,"date":"2016-03-09T19:14:41","date_gmt":"2016-03-09T18:14:41","guid":{"rendered":"https:\/\/www.ionyx.eu\/?page_id=7"},"modified":"2026-02-11T15:21:09","modified_gmt":"2026-02-11T14:21:09","slug":"accueil","status":"publish","type":"page","link":"https:\/\/www.ionyx.eu\/fr\/accueil\/","title":{"rendered":"Accueil"},"content":{"rendered":"<p>[vc_row css=\u00a0\u00bb.vc_custom_1460388731994{margin-top: 35px !important;}\u00a0\u00bb][vc_column][vc_column_text]<\/p>\n<h1>.\u00a0 \u00a0 \u00a0 \u00a0 \u00a0 \u00a0 \u00a0 \u00a0 \u00a0 \u00a0 \u00a0 \u00a0 \u00a0 \u00a0 \u00a0 \u00a0 \u00a0 \u00a0 \u00a0 \u00a0 \u00a0 \u00a0 \u00a0 \u00a0 \u00a0 \u00a0 \u00a0 \u00a0 \u00a0 \u00a0 \u00a0 \u00a0 \u00a0 \u00a0 \u00a0 \u00a0 \u00a0 \u00a0 \u00a0 \u00a0 \u00a0 \u00a0 \u00a0 \u00a0 \u00a0 \u00a0 \u00a0 \u00a0 \u00a0 \u00a0 \u00a0 \u00a0 \u00a0 \u00a0 \u00a0 \u00a0 \u00a0 \u00a0 \u00a0 \u00a0 \u00a0 \u00a0 \u00a0 \u00a0 \u00a0 \u00a0 \u00a0 \u00a0 \u00a0 \u00a0 \u00a0 \u00a0 \u00a0 \u00a0 \u00a0 \u00a0 \u00a0 \u00a0 \u00a0 \u00a0 \u00a0 \u00a0 \u00a0 \u00a0.<\/h1>\n<h1 style=\"text-align: center;\">Concepteur et fabricant fran\u00e7ais reconnu dans l\u2019endodontie depuis plus de 30 ans.<\/h1>\n<p style=\"font-weight: 400; text-align: center;\"><span style=\"color: #ff0000;\"><strong>ATTENTION : Nouveau N\u00b0 de t\u00e9l\u00e9phone,\u00a0<\/strong><\/span><span style=\"color: #ff0000;\"><strong>Tel 1 : 09 73 88 40 94\u00a0 &#8211;\u00a0 <\/strong><\/span><span style=\"color: #ff0000;\"><strong>Tel 2:\u00a0 07 66 45 50 71\u00a0<\/strong><\/span><\/p>\n<p>[\/vc_column_text][vc_separator border_width=\u00a0\u00bb3&Prime; el_width=\u00a0\u00bb70&Prime;][\/vc_column][\/vc_row][vc_row][vc_column width=\u00a0\u00bb1\/3&Prime;]<div class=\"sliding_box\"><a href=\"https:\/\/www.ionyx.eu\/fr\/produits\/endy-7\" ><div class=\"photo_wrapper\"><img class=\"scale-with-grid\" src=\"https:\/\/www.ionyx.eu\/wp-content\/uploads\/endy-7-micromoteur-localisateur-apex-endodontie-ionyx-fond-gris.jpg\" alt=\"endy 7 - micromoteur - localisateur apex - endodontie - ionyx - fond gris\" width=\"1200\" height=\"900\"\/><\/div><div class=\"desc_wrapper\"><h4>Endy 7<\/h4><\/div><\/a><\/div>\n[vc_column_text]<\/p>\n<h3 style=\"text-align: center;\">micromoteur + localisateur d\u2019apex<\/h3>\n<p>[\/vc_column_text][\/vc_column][vc_column width=\u00a0\u00bb1\/3&Prime;]<div class=\"sliding_box\"><a href=\"https:\/\/www.ionyx.eu\/fr\/produits\/nouveau-locapex-6\" ><div class=\"photo_wrapper\"><img class=\"scale-with-grid\" src=\"https:\/\/www.ionyx.eu\/wp-content\/uploads\/20180206_locapex-6-promo-FR_ionyx.png\" alt=\"IONYX LOCAPEX 6 NOUVEAU LOCALISATEUR D'APEX\" width=\"1200\" height=\"900\"\/><\/div><div class=\"desc_wrapper\"><h4>NEW Locapex 6<\/h4><\/div><\/a><\/div>\n[vc_column_text]<\/p>\n<h3 style=\"text-align: center;\">localisateur d\u2019apex<\/h3>\n<p>[\/vc_column_text][\/vc_column][\/vc_row][vc_row full_width=\u00a0\u00bbstretch_row\u00a0\u00bb equal_height=\u00a0\u00bbyes\u00a0\u00bb content_placement=\u00a0\u00bbmiddle\u00a0\u00bb css=\u00a0\u00bb.vc_custom_1460392096613{background-color: #f1f1f1 !important;}\u00a0\u00bb][vc_column width=\u00a0\u00bb1\/2&Prime;][vc_column_text]<\/p>\n<h2 style=\"text-align: center;\">A propos de IONYX<\/h2>\n<p>Cr\u00e9\u00e9e en 1993 et implant\u00e9e en France en r\u00e9gion bordelaise, la soci\u00e9t\u00e9 IONYX <strong>con\u00e7oit et fabrique des machines sp\u00e9cialis\u00e9es en endodontie<\/strong>.<\/p>\n<p><strong>Destin\u00e9e aux omnipraticiens soucieux d\u2019am\u00e9liorer la qualit\u00e9 de leurs traitements ainsi que leur confort<\/strong>, toute la gamme IONYX est pens\u00e9e pour une pratique quotidienne et facile.<\/p>\n<p>Recherche d\u2019<strong>ergonomie<\/strong> pour une meilleure prise en main, <strong>solidit\u00e9<\/strong> des produits, grande <strong>autonomie<\/strong> de la batterie&#8230; les localisateurs d\u2019apex et micromoteurs con\u00e7us par IONYX sont <strong>\u00e0 la pointe de la technologie<\/strong> et r\u00e9pondent aux exigences du march\u00e9.<\/p>\n<p>IONYX est <strong>pr\u00e9sent partout dans le monde<\/strong> gr\u00e2ce \u00e0 un puissant r\u00e9seau de distributeurs implant\u00e9s dans pr\u00e8s de 50 pays.[\/vc_column_text][vc_row_inner][vc_column_inner width=\u00a0\u00bb1\/2&Prime;][vc_btn title=\u00a0\u00bbEn savoir plus sur la soci\u00e9t\u00e9\u00a0\u00bb style=\u00a0\u00bbcustom\u00a0\u00bb custom_background=\u00a0\u00bb#007078&Prime; custom_text=\u00a0\u00bb#ffffff\u00a0\u00bb align=\u00a0\u00bbcenter\u00a0\u00bb i_icon_fontawesome=\u00a0\u00bbfa fa-angle-right\u00a0\u00bb add_icon=\u00a0\u00bbtrue\u00a0\u00bb link=\u00a0\u00bburl:http%3A%2F%2Fwww.ionyx.eu%2Ffr%2Fsociete||\u00a0\u00bb][\/vc_column_inner][vc_column_inner width=\u00a0\u00bb1\/2&Prime;][vc_btn title=\u00a0\u00bbContactez-nous\u00a0\u00bb style=\u00a0\u00bbcustom\u00a0\u00bb custom_background=\u00a0\u00bb#007078&Prime; custom_text=\u00a0\u00bb#ffffff\u00a0\u00bb align=\u00a0\u00bbcenter\u00a0\u00bb i_icon_fontawesome=\u00a0\u00bbfa fa-angle-right\u00a0\u00bb add_icon=\u00a0\u00bbtrue\u00a0\u00bb link=\u00a0\u00bburl:http%3A%2F%2Fwww.ionyx.eu%2Ffr%2Fcontact||\u00a0\u00bb][\/vc_column_inner][\/vc_row_inner][\/vc_column][vc_column width=\u00a0\u00bb1\/2&Prime;][vc_single_image image=\u00a0\u00bb3503&Prime; img_size=\u00a0\u00bbfull\u00a0\u00bb alignment=\u00a0\u00bbcenter\u00a0\u00bb][\/vc_column][\/vc_row][vc_row][vc_column][vc_column_text]<\/p>\n<h2 style=\"text-align: center;\">Les distributeurs IONYX<\/h2>\n<p style=\"text-align: center;\">Pr\u00e9sent partout dans le monde gr\u00e2ce \u00e0 son large r\u00e9seau de distributeurs,<br \/>\nIONYX\u00a0est l\u2019un des sp\u00e9cialistes les plus reconnus dans le domaine du dentaire.<\/p>\n<p>[\/vc_column_text][\/vc_column][\/vc_row][vc_row disable_element=\u00a0\u00bbyes\u00a0\u00bb][vc_column width=\u00a0\u00bb1\/6&Prime;][vc_single_image image=\u00a0\u00bb722&Prime; img_size=\u00a0\u00bbfull\u00a0\u00bb alignment=\u00a0\u00bbcenter\u00a0\u00bb][\/vc_column][vc_column width=\u00a0\u00bb1\/6&Prime;][vc_single_image image=\u00a0\u00bb720&Prime; img_size=\u00a0\u00bbfull\u00a0\u00bb alignment=\u00a0\u00bbcenter\u00a0\u00bb][\/vc_column][vc_column width=\u00a0\u00bb1\/6&Prime;][vc_single_image image=\u00a0\u00bb728&Prime; img_size=\u00a0\u00bbfull\u00a0\u00bb alignment=\u00a0\u00bbcenter\u00a0\u00bb][\/vc_column][vc_column width=\u00a0\u00bb1\/6&Prime;][vc_single_image image=\u00a0\u00bb724&Prime; img_size=\u00a0\u00bbfull\u00a0\u00bb alignment=\u00a0\u00bbcenter\u00a0\u00bb][\/vc_column][vc_column width=\u00a0\u00bb1\/6&Prime;][vc_single_image image=\u00a0\u00bb726&Prime; img_size=\u00a0\u00bbfull\u00a0\u00bb alignment=\u00a0\u00bbcenter\u00a0\u00bb][\/vc_column][vc_column width=\u00a0\u00bb1\/6&Prime;][vc_single_image image=\u00a0\u00bb1282&Prime; img_size=\u00a0\u00bbfull\u00a0\u00bb alignment=\u00a0\u00bbcenter\u00a0\u00bb][\/vc_column][\/vc_row][vc_row][vc_column][vc_images_carousel images=\u00a0\u00bb2725,2372,2374,2404,2376,2378,2380,2382,2384,2386,2388,2390,2392&Prime; img_size=\u00a0\u00bb170&#215;170&Prime; onclick=\u00a0\u00bblink_no\u00a0\u00bb speed=\u00a0\u00bb3000&Prime; slides_per_view=\u00a0\u00bb4&Prime; autoplay=\u00a0\u00bbyes\u00a0\u00bb hide_pagination_control=\u00a0\u00bbyes\u00a0\u00bb hide_prev_next_buttons=\u00a0\u00bbyes\u00a0\u00bb wrap=\u00a0\u00bbyes\u00a0\u00bb][\/vc_column][\/vc_row][vc_row][vc_column][vc_btn title=\u00a0\u00bbVoir l&rsquo;ensemble de nos distributeurs\u00a0\u00bb style=\u00a0\u00bbcustom\u00a0\u00bb custom_background=\u00a0\u00bb#007078&Prime; custom_text=\u00a0\u00bb#ffffff\u00a0\u00bb align=\u00a0\u00bbcenter\u00a0\u00bb i_icon_fontawesome=\u00a0\u00bbfa fa-angle-right\u00a0\u00bb add_icon=\u00a0\u00bbtrue\u00a0\u00bb link=\u00a0\u00bburl:http%3A%2F%2Fwww.ionyx.eu%2Ffr%2Fdistributeurs||\u00a0\u00bb][\/vc_column][\/vc_row][vc_row][vc_column][vc_column_text]<\/p>\n<p>[\/vc_column_text][\/vc_column][\/vc_row][vc_row full_width=\u00a0\u00bbstretch_row\u00a0\u00bb css=\u00a0\u00bb.vc_custom_1460389587260{background-color: #f1f1f1 !important;}\u00a0\u00bb][vc_column width=\u00a0\u00bb2\/3&Prime;][vc_column_text]<\/p>\n<h2 style=\"text-align: center;\">Les derni\u00e8res actus de IONYX<\/h2>\n<p style=\"text-align: center;\">L&rsquo;actualit\u00e9 de IONYX \u00e0 travers les salons, nouveaux produits et nouveaut\u00e9s dans l&rsquo;endodontie.<\/p>\n<p>[\/vc_column_text][vc_basic_grid post_type=\u00a0\u00bbpost\u00a0\u00bb max_items=\u00a0\u00bb2&Prime; element_width=\u00a0\u00bb6&Prime; item=\u00a0\u00bb334&Prime; grid_id=\u00a0\u00bbvc_gid:1770819558223-4d30afd1-fc7e-3&Prime;][vc_btn title=\u00a0\u00bbRetrouvez toutes nos actualit\u00e9s\u00a0\u00bb style=\u00a0\u00bbcustom\u00a0\u00bb custom_background=\u00a0\u00bb#007078&Prime; custom_text=\u00a0\u00bb#ffffff\u00a0\u00bb align=\u00a0\u00bbcenter\u00a0\u00bb i_icon_fontawesome=\u00a0\u00bbfa fa-angle-right\u00a0\u00bb add_icon=\u00a0\u00bbtrue\u00a0\u00bb link=\u00a0\u00bburl:http%3A%2F%2Fwww.ionyx.eu%2Ffr%2Fnews%2F||target:%20_blank|\u00a0\u00bb][\/vc_column][vc_column width=\u00a0\u00bb1\/3&Prime;][vc_column_text]<\/p>\n<div class=\"fb-page\" data-href=\"https:\/\/www.facebook.com\/ionyx.endodontie\" data-tabs=\"timeline\" data-width=\"\" data-height=\"580\" data-small-header=\"true\" data-adapt-container-width=\"true\" data-hide-cover=\"true\" data-show-facepile=\"true\">\n<blockquote class=\"fb-xfbml-parse-ignore\" cite=\"https:\/\/www.facebook.com\/ionyx.endodontie\"><p><a href=\"https:\/\/www.facebook.com\/ionyx.endodontie\">IONYX<\/a><\/p><\/blockquote>\n<\/div>\n<p>[\/vc_column_text][\/vc_column][\/vc_row][vc_row][vc_column][vc_column_text][\/vc_column_text][\/vc_column][\/vc_row]<\/p>\n","protected":false},"excerpt":{"rendered":"<p>[vc_row css=\u00a0\u00bb.vc_custom_1460388731994{margin-top: 35px !important;}\u00a0\u00bb][vc_column][vc_column_text] .\u00a0 \u00a0 \u00a0 \u00a0 \u00a0 \u00a0 \u00a0 \u00a0 \u00a0 \u00a0 \u00a0 \u00a0 \u00a0 \u00a0 \u00a0 \u00a0 \u00a0 \u00a0 \u00a0 \u00a0 \u00a0 \u00a0<span class=\"excerpt-hellip\"> [\u2026]<\/span><\/p>\n","protected":false},"author":1,"featured_media":0,"parent":0,"menu_order":0,"comment_status":"closed","ping_status":"closed","template":"","meta":[],"yoast_head":"<!-- This site is optimized with the Yoast SEO plugin v15.2.1 - https:\/\/yoast.com\/wordpress\/plugins\/seo\/ -->\n<title>IONYX : Concepteur et fabricant de mat\u00e9riel d&#039;endodontie depuis 1993<\/title>\n<meta name=\"description\" content=\"Cr\u00e9\u00e9e en 1993 et implant\u00e9e en France en r\u00e9gion bordelaise, la soci\u00e9t\u00e9 IONYX con\u00e7oit et fabrique des machines sp\u00e9cialis\u00e9es en endodontie.\" \/>\n<meta name=\"robots\" content=\"index, follow, max-snippet:-1, max-image-preview:large, max-video-preview:-1\" \/>\n<link rel=\"canonical\" href=\"https:\/\/www.ionyx.eu\/fr\/accueil\/\" \/>\n<meta property=\"og:locale\" content=\"fr_FR\" \/>\n<meta property=\"og:type\" content=\"article\" \/>\n<meta property=\"og:title\" content=\"IONYX : Concepteur et fabricant de mat\u00e9riel d&#039;endodontie depuis 1993\" \/>\n<meta property=\"og:description\" content=\"Cr\u00e9\u00e9e en 1993 et implant\u00e9e en France en r\u00e9gion bordelaise, la soci\u00e9t\u00e9 IONYX con\u00e7oit et fabrique des machines sp\u00e9cialis\u00e9es en endodontie.\" \/>\n<meta property=\"og:url\" content=\"https:\/\/www.ionyx.eu\/fr\/accueil\/\" \/>\n<meta property=\"og:site_name\" content=\"IONYX\" \/>\n<meta property=\"article:modified_time\" content=\"2026-02-11T14:21:09+00:00\" \/>\n<meta property=\"og:image\" content=\"https:\/\/www.ionyx.eu\/wp-content\/uploads\/facebook.png\" \/>\n\t<meta property=\"og:image:width\" content=\"1200\" \/>\n\t<meta property=\"og:image:height\" content=\"630\" \/>\n<meta name=\"twitter:card\" content=\"summary\" \/>\n<meta name=\"twitter:label1\" content=\"\u00c9crit par\">\n\t<meta name=\"twitter:data1\" content=\"IONYX\">\n\t<meta name=\"twitter:label2\" content=\"Dur\u00e9e de lecture est.\">\n\t<meta name=\"twitter:data2\" content=\"3 minutes\">\n<script type=\"application\/ld+json\" class=\"yoast-schema-graph\">{\"@context\":\"https:\/\/schema.org\",\"@graph\":[{\"@type\":\"WebSite\",\"@id\":\"https:\/\/www.ionyx.eu\/fr\/#website\",\"url\":\"https:\/\/www.ionyx.eu\/fr\/\",\"name\":\"IONYX\",\"description\":\"Concepteur et fabricant fran\\u00e7ais reconnu dans l\\u2019endodontie depuis plus de 25 ans\",\"potentialAction\":[{\"@type\":\"SearchAction\",\"target\":\"https:\/\/www.ionyx.eu\/fr\/?s={search_term_string}\",\"query-input\":\"required name=search_term_string\"}],\"inLanguage\":\"fr-FR\"},{\"@type\":[\"WebPage\",\"CollectionPage\"],\"@id\":\"https:\/\/www.ionyx.eu\/fr\/accueil\/#webpage\",\"url\":\"https:\/\/www.ionyx.eu\/fr\/accueil\/\",\"name\":\"IONYX : Concepteur et fabricant de mat\\u00e9riel d'endodontie depuis 1993\",\"isPartOf\":{\"@id\":\"https:\/\/www.ionyx.eu\/fr\/#website\"},\"datePublished\":\"2016-03-09T18:14:41+00:00\",\"dateModified\":\"2026-02-11T14:21:09+00:00\",\"description\":\"Cr\\u00e9\\u00e9e en 1993 et implant\\u00e9e en France en r\\u00e9gion bordelaise, la soci\\u00e9t\\u00e9 IONYX con\\u00e7oit et fabrique des machines sp\\u00e9cialis\\u00e9es en endodontie.\",\"inLanguage\":\"fr-FR\",\"potentialAction\":[{\"@type\":\"ReadAction\",\"target\":[\"https:\/\/www.ionyx.eu\/fr\/accueil\/\"]}]}]}<\/script>\n<!-- \/ Yoast SEO plugin. -->","_links":{"self":[{"href":"https:\/\/www.ionyx.eu\/fr\/wp-json\/wp\/v2\/pages\/7\/"}],"collection":[{"href":"https:\/\/www.ionyx.eu\/fr\/wp-json\/wp\/v2\/pages\/"}],"about":[{"href":"https:\/\/www.ionyx.eu\/fr\/wp-json\/wp\/v2\/types\/page\/"}],"author":[{"embeddable":true,"href":"https:\/\/www.ionyx.eu\/fr\/wp-json\/wp\/v2\/users\/1\/"}],"replies":[{"embeddable":true,"href":"https:\/\/www.ionyx.eu\/fr\/wp-json\/wp\/v2\/comments\/?post=7"}],"version-history":[{"count":10,"href":"https:\/\/www.ionyx.eu\/fr\/wp-json\/wp\/v2\/pages\/7\/revisions\/"}],"predecessor-version":[{"id":4167,"href":"https:\/\/www.ionyx.eu\/fr\/wp-json\/wp\/v2\/pages\/7\/revisions\/4167\/"}],"wp:attachment":[{"href":"https:\/\/www.ionyx.eu\/fr\/wp-json\/wp\/v2\/media\/?parent=7"}],"curies":[{"name":"wp","href":"https:\/\/api.w.org\/{rel}","templated":true}]}}