{"id":57,"date":"2016-03-17T18:09:31","date_gmt":"2016-03-17T17:09:31","guid":{"rendered":"https:\/\/www.ionyx.eu\/?page_id=57"},"modified":"2021-11-15T11:20:06","modified_gmt":"2021-11-15T10:20:06","slug":"produits","status":"publish","type":"page","link":"https:\/\/www.ionyx.eu\/fr\/produits\/","title":{"rendered":"Produits"},"content":{"rendered":"<p>[vc_row][vc_column][vc_video link=\u00a0\u00bbhttps:\/\/youtu.be\/FfnYcVXgGwQ\u00a0\u00bb el_width=\u00a0\u00bb70&Prime; align=\u00a0\u00bbcenter\u00a0\u00bb][\/vc_column][\/vc_row][vc_row][vc_column]<div class=\"fancy_heading fancy_heading_line\"><h1 class=\"title\">Les produits IONYX<\/h1><div class=\"inside\"> Une gamme de produits compl\u00e8te et performante<\/div><\/div>\n[vc_column_text css=\u00a0\u00bb.vc_custom_1538403810592{background-color: #e27059 !important;}\u00a0\u00bb]<\/p>\n<p style=\"text-align: center;\"><span style=\"color: #ffffff;\">Pour tout renseignement tarifaire, merci de contacter directement votre <span style=\"text-decoration: underline;\"><a style=\"color: #ffffff; text-decoration: underline;\" href=\"https:\/\/www.ionyx.eu\/fr\/distributeurs\">distributeur local<\/a><\/span> ou notre Service Commercial par mail \u00e0 <a style=\"color: #ffffff;\" href=\"mailto:ionyx@ionyx.eu\"><span style=\"text-decoration: underline;\">ionyx@ionyx<\/span>.eu<\/a><\/span><\/p>\n<p>[\/vc_column_text][\/vc_column][\/vc_row][vc_row][vc_column width=\u00a0\u00bb1\/3&Prime;]<div class=\"sliding_box\"><a href=\"https:\/\/www.ionyx.eu\/fr\/produits\/endy-7\" ><div class=\"photo_wrapper\"><img class=\"scale-with-grid\" src=\"https:\/\/www.ionyx.eu\/wp-content\/uploads\/endy-7-micromoteur-localisateur-apex-endodontie-ionyx-fond-gris.jpg\" alt=\"endy 7 - micromoteur - localisateur apex - endodontie - ionyx - fond gris\" width=\"1200\" height=\"900\"\/><\/div><div class=\"desc_wrapper\"><h4>NEW Endy 7<\/h4><\/div><\/a><\/div>\n[vc_column_text]<\/p>\n<h3 style=\"text-align: center;\">micromoteur +\u00a0localisateur d\u2019apex<\/h3>\n<p>[\/vc_column_text][vc_column_text css=\u00a0\u00bb.vc_custom_1460391568241{padding-right: 20px !important;padding-left: 20px !important;}\u00a0\u00bb]<\/p>\n<p style=\"text-align: left;\"><span style=\"font-size: 10pt;\"><strong>Produit phare de la gamme IONYX<\/strong>, l\u2019Endy 7 combine \u00e0 la fois un micromoteur et un localisateur d\u2019apex. V\u00e9ritable partenaire pour tout omnipraticien l\u2019utilisant, ce produit est dot\u00e9 d\u2019<strong>un syst\u00e8me de retour \u00e0 vitesse lente<\/strong> permettant de d\u00e9gager l\u2019instrument sans refouler de d\u00e9bris dentinaires vers l\u2019apex.<\/span><\/p>\n<p style=\"text-align: left;\"><span style=\"font-size: 10pt;\">Il embarque \u00e9galement<strong> 9 m\u00e9moires<\/strong>, o\ufb00rant ainsi la possibilit\u00e9 de programmer autant de couples et vitesses adapt\u00e9s pour chaque limes utilis\u00e9es.<\/span><\/p>\n<p>[\/vc_column_text][vc_empty_space height=\u00a0\u00bb14px\u00a0\u00bb][vc_btn title=\u00a0\u00bbVoir le produit\u00a0\u00bb style=\u00a0\u00bbcustom\u00a0\u00bb custom_background=\u00a0\u00bb#007078&Prime; custom_text=\u00a0\u00bb#ffffff\u00a0\u00bb align=\u00a0\u00bbcenter\u00a0\u00bb i_icon_fontawesome=\u00a0\u00bbfa fa-angle-right\u00a0\u00bb add_icon=\u00a0\u00bbtrue\u00a0\u00bb link=\u00a0\u00bburl:http%3A%2F%2Fwww.ionyx.eu%2Ffr%2Fproduits%2Fendy-7||\u00a0\u00bb][\/vc_column][vc_column width=\u00a0\u00bb1\/3&Prime;]<div class=\"sliding_box\"><a href=\"https:\/\/www.ionyx.eu\/fr\/produits\/endy-nt2\" ><div class=\"photo_wrapper\"><img class=\"scale-with-grid\" src=\"https:\/\/www.ionyx.eu\/wp-content\/uploads\/2016\/03\/pprods-endy-nt2.jpg\" alt=\"pprods-endy-nt2\" width=\"400\" height=\"300\"\/><\/div><div class=\"desc_wrapper\"><h4>Endy NT2<\/h4><\/div><\/a><\/div>\n[vc_column_text]<\/p>\n<h3 style=\"text-align: center;\">micromoteur\u00a0avec lumi\u00e8re int\u00e9gr\u00e9e<\/h3>\n<p>[\/vc_column_text][vc_column_text css=\u00a0\u00bb.vc_custom_1460391580914{padding-right: 20px !important;padding-left: 20px !important;}\u00a0\u00bb]<span style=\"font-size: 10pt;\">Son <strong>moteur \u00e0 la fois compact et parfaitement \u00e9quilibr\u00e9<\/strong>, permet une prise en main optimale pour une utilisation en toute s\u00e9curit\u00e9 et s\u00e9r\u00e9nit\u00e9. Equip\u00e9 du m\u00eame <strong>syst\u00e8me de retour \u00e0 vitesse lente et d\u00e9brayable<\/strong> que l\u2019Endy 6200, l\u2019Endy NT2 permet \u00e9galement de sortir l\u2019instrument sans aucun d\u00e9bris dentinaire vers l\u2019apex.<\/span><\/p>\n<p><span style=\"font-size: 10pt;\">Gr\u00e2ce \u00e0 sa <strong>LED blanche int\u00e9gr\u00e9e<\/strong> sous le contre-angle, <strong>le champ op\u00e9ratoire est id\u00e9alement \u00e9clair\u00e9<\/strong> sans provoquer aucune ombre pouvant alt\u00e9rer la visibilit\u00e9<\/span>[\/vc_column_text][vc_btn title=\u00a0\u00bbVoir le produit\u00a0\u00bb style=\u00a0\u00bbcustom\u00a0\u00bb custom_background=\u00a0\u00bb#007078&Prime; custom_text=\u00a0\u00bb#ffffff\u00a0\u00bb align=\u00a0\u00bbcenter\u00a0\u00bb i_icon_fontawesome=\u00a0\u00bbfa fa-angle-right\u00a0\u00bb add_icon=\u00a0\u00bbtrue\u00a0\u00bb link=\u00a0\u00bburl:http%3A%2F%2Fwww.ionyx.eu%2Ffr%2Fproduits%2Fendy-nt2||\u00a0\u00bb][\/vc_column][vc_column width=\u00a0\u00bb1\/3&Prime;]<div class=\"sliding_box\"><a href=\"https:\/\/www.ionyx.eu\/fr\/produits\/nouveau-locapex-6\" ><div class=\"photo_wrapper\"><img class=\"scale-with-grid\" src=\"https:\/\/www.ionyx.eu\/wp-content\/uploads\/20180206_locapex-6-promo-FR_ionyx.png\" alt=\"IONYX LOCAPEX 6 NOUVEAU LOCALISATEUR D'APEX\" width=\"1200\" height=\"900\"\/><\/div><div class=\"desc_wrapper\"><h4>Locapex 6<\/h4><\/div><\/a><\/div>\n[vc_column_text]<\/p>\n<h3 style=\"text-align: center;\">localisateur d\u2019apex<\/h3>\n<p>[\/vc_column_text][vc_column_text css=\u00a0\u00bb.vc_custom_1463065395772{padding-right: 20px !important;padding-left: 20px !important;}\u00a0\u00bb]<\/p>\n<p style=\"text-align: left;\"><span style=\"font-size: 10pt;\">Gr\u00e2ce \u00e0 sa <strong>mesure instantan\u00e9e<\/strong> et <strong>100% num\u00e9rique<\/strong>, combin\u00e9e \u00e0 un <strong>angle de visibilit\u00e9 sup\u00e9rieur \u00e0 160\u00b0<\/strong>, le localisateur d\u2019apex, con\u00e7u par IONYX, est un v\u00e9ritable atout pour tout omnipraticien \u00e0 la recherche d\u2019un <strong>appareil e\ufb03cace et pr\u00e9cis.<\/strong><\/span><\/p>\n<p style=\"text-align: left;\"><span style=\"font-size: 10pt;\">Sa <strong>prise en main, facile et intuitive<\/strong>, se fait \u00e0 l\u2019aide d\u2019un simple bouton pour la mise en fonctionnement de l\u2019appareil.<\/span><\/p>\n<p>[\/vc_column_text][vc_empty_space height=\u00a0\u00bb37px\u00a0\u00bb][vc_btn title=\u00a0\u00bbVoir le produit\u00a0\u00bb style=\u00a0\u00bbcustom\u00a0\u00bb custom_background=\u00a0\u00bb#007078&Prime; custom_text=\u00a0\u00bb#ffffff\u00a0\u00bb align=\u00a0\u00bbcenter\u00a0\u00bb i_icon_fontawesome=\u00a0\u00bbfa fa-angle-right\u00a0\u00bb add_icon=\u00a0\u00bbtrue\u00a0\u00bb link=\u00a0\u00bburl:http%3A%2F%2Fwww.ionyx.eu%2Ffr%2Fproduits%2Fnouveau-locapex-6|||\u00a0\u00bb][\/vc_column][\/vc_row][vc_row][vc_column][vc_separator border_width=\u00a0\u00bb3&Prime; el_width=\u00a0\u00bb70&Prime;][\/vc_column][\/vc_row][vc_row][vc_column width=\u00a0\u00bb1\/3&Prime;][\/vc_column][vc_column width=\u00a0\u00bb1\/3&Prime;][vc_column_text]<\/p>\n<p style=\"text-align: center;\"><strong>Retrouvez l&rsquo;ensemble des pi\u00e8ces d\u00e9tach\u00e9es pour ces produits dans notre boutique en ligne. \u00a0<\/strong><\/p>\n<p>[\/vc_column_text][vc_btn title=\u00a0\u00bbAcc\u00e9der \u00e0 la boutique\u00a0\u00bb style=\u00a0\u00bbcustom\u00a0\u00bb custom_background=\u00a0\u00bb#007078&Prime; custom_text=\u00a0\u00bb#ffffff\u00a0\u00bb align=\u00a0\u00bbcenter\u00a0\u00bb i_icon_fontawesome=\u00a0\u00bbfa fa-angle-right\u00a0\u00bb add_icon=\u00a0\u00bbtrue\u00a0\u00bb link=\u00a0\u00bburl:http%3A%2F%2Fwww.ionyx.eu%2Ffr%2Fboutique||\u00a0\u00bb][\/vc_column][vc_column width=\u00a0\u00bb1\/3&Prime;][\/vc_column][\/vc_row]<\/p>\n","protected":false},"excerpt":{"rendered":"<p>[vc_row][vc_column][vc_video link=\u00a0\u00bbhttps:\/\/youtu.be\/FfnYcVXgGwQ\u00a0\u00bb el_width=\u00a0\u00bb70&Prime; align=\u00a0\u00bbcenter\u00a0\u00bb][\/vc_column][\/vc_row][vc_row][vc_column][vc_column_text css=\u00a0\u00bb.vc_custom_1538403810592{background-color: #e27059 !important;}\u00a0\u00bb] Pour tout renseignement tarifaire, merci de contacter directement votre distributeur local ou notre Service Commercial par mail \u00e0 ionyx@ionyx.eu<span class=\"excerpt-hellip\"> [\u2026]<\/span><\/p>\n","protected":false},"author":1,"featured_media":0,"parent":0,"menu_order":0,"comment_status":"closed","ping_status":"closed","template":"","meta":[],"yoast_head":"<!-- This site is optimized with the Yoast SEO plugin v15.2.1 - https:\/\/yoast.com\/wordpress\/plugins\/seo\/ -->\n<title>Les produits IONYX \u00e0 l&#039;attention des sp\u00e9cialistes de l&#039;endodontie<\/title>\n<meta name=\"description\" content=\"Nous proposons 3 appareils : Endy 7 (micromoteur + localisateur d&#039;apex), Endy NT2 (micromoteur) et Locapex 6 (localisateur d&#039;apex)\" \/>\n<meta name=\"robots\" content=\"index, follow, max-snippet:-1, max-image-preview:large, max-video-preview:-1\" \/>\n<link rel=\"canonical\" href=\"https:\/\/www.ionyx.eu\/fr\/produits\/\" \/>\n<meta property=\"og:locale\" content=\"fr_FR\" \/>\n<meta property=\"og:type\" content=\"article\" \/>\n<meta property=\"og:title\" content=\"Les produits IONYX \u00e0 l&#039;attention des sp\u00e9cialistes de l&#039;endodontie\" \/>\n<meta property=\"og:description\" content=\"Nous proposons 3 appareils : Endy 7 (micromoteur + localisateur d&#039;apex), Endy NT2 (micromoteur) et Locapex 6 (localisateur d&#039;apex)\" \/>\n<meta property=\"og:url\" content=\"https:\/\/www.ionyx.eu\/fr\/produits\/\" \/>\n<meta property=\"og:site_name\" content=\"IONYX\" \/>\n<meta property=\"article:modified_time\" content=\"2021-11-15T10:20:06+00:00\" \/>\n<meta property=\"og:image\" content=\"https:\/\/www.ionyx.eu\/wp-content\/uploads\/facebook.png\" \/>\n\t<meta property=\"og:image:width\" content=\"1200\" \/>\n\t<meta property=\"og:image:height\" content=\"630\" \/>\n<meta name=\"twitter:card\" content=\"summary\" \/>\n<meta name=\"twitter:label1\" content=\"\u00c9crit par\">\n\t<meta name=\"twitter:data1\" content=\"IONYX\">\n\t<meta name=\"twitter:label2\" content=\"Dur\u00e9e de lecture est.\">\n\t<meta name=\"twitter:data2\" content=\"3 minutes\">\n<script type=\"application\/ld+json\" class=\"yoast-schema-graph\">{\"@context\":\"https:\/\/schema.org\",\"@graph\":[{\"@type\":\"WebSite\",\"@id\":\"https:\/\/www.ionyx.eu\/fr\/#website\",\"url\":\"https:\/\/www.ionyx.eu\/fr\/\",\"name\":\"IONYX\",\"description\":\"Concepteur et fabricant fran\\u00e7ais reconnu dans l\\u2019endodontie depuis plus de 25 ans\",\"potentialAction\":[{\"@type\":\"SearchAction\",\"target\":\"https:\/\/www.ionyx.eu\/fr\/?s={search_term_string}\",\"query-input\":\"required name=search_term_string\"}],\"inLanguage\":\"fr-FR\"},{\"@type\":\"WebPage\",\"@id\":\"https:\/\/www.ionyx.eu\/fr\/produits\/#webpage\",\"url\":\"https:\/\/www.ionyx.eu\/fr\/produits\/\",\"name\":\"Les produits IONYX \\u00e0 l'attention des sp\\u00e9cialistes de l'endodontie\",\"isPartOf\":{\"@id\":\"https:\/\/www.ionyx.eu\/fr\/#website\"},\"datePublished\":\"2016-03-17T17:09:31+00:00\",\"dateModified\":\"2021-11-15T10:20:06+00:00\",\"description\":\"Nous proposons 3 appareils : Endy 7 (micromoteur + localisateur d'apex), Endy NT2 (micromoteur) et Locapex 6 (localisateur d'apex)\",\"inLanguage\":\"fr-FR\",\"potentialAction\":[{\"@type\":\"ReadAction\",\"target\":[\"https:\/\/www.ionyx.eu\/fr\/produits\/\"]}]}]}<\/script>\n<!-- \/ Yoast SEO plugin. -->","_links":{"self":[{"href":"https:\/\/www.ionyx.eu\/fr\/wp-json\/wp\/v2\/pages\/57\/"}],"collection":[{"href":"https:\/\/www.ionyx.eu\/fr\/wp-json\/wp\/v2\/pages\/"}],"about":[{"href":"https:\/\/www.ionyx.eu\/fr\/wp-json\/wp\/v2\/types\/page\/"}],"author":[{"embeddable":true,"href":"https:\/\/www.ionyx.eu\/fr\/wp-json\/wp\/v2\/users\/1\/"}],"replies":[{"embeddable":true,"href":"https:\/\/www.ionyx.eu\/fr\/wp-json\/wp\/v2\/comments\/?post=57"}],"version-history":[{"count":7,"href":"https:\/\/www.ionyx.eu\/fr\/wp-json\/wp\/v2\/pages\/57\/revisions\/"}],"predecessor-version":[{"id":3465,"href":"https:\/\/www.ionyx.eu\/fr\/wp-json\/wp\/v2\/pages\/57\/revisions\/3465\/"}],"wp:attachment":[{"href":"https:\/\/www.ionyx.eu\/fr\/wp-json\/wp\/v2\/media\/?parent=57"}],"curies":[{"name":"wp","href":"https:\/\/api.w.org\/{rel}","templated":true}]}}