{"id":2456,"date":"2019-02-25T10:28:05","date_gmt":"2019-02-25T09:28:05","guid":{"rendered":"https:\/\/www.ionyx.eu\/?page_id=2456"},"modified":"2020-03-09T11:44:03","modified_gmt":"2020-03-09T10:44:03","slug":"io-endo-rotary-file","status":"publish","type":"page","link":"https:\/\/www.ionyx.eu\/fr\/io-endo-rotary-file\/","title":{"rendered":"IO ENDO | Rotary Files"},"content":{"rendered":"<p>[vc_row][vc_column][vc_single_image image=\u00a0\u00bb2814&Prime; img_size=\u00a0\u00bbfull\u00a0\u00bb alignment=\u00a0\u00bbcenter\u00a0\u00bb]<div class=\"fancy_heading fancy_heading_line\"><h1 class=\"title\">IO Endo | les nouvelles limes IONYX<\/h1><div class=\"inside\">Rotary files<\/div><\/div>\n[\/vc_column][\/vc_row][vc_row][vc_column width=\u00a0\u00bb1\/6&Prime;][\/vc_column][vc_column width=\u00a0\u00bb2\/3&Prime;][vc_column_text]<\/p>\n<p style=\"text-align: center;\"><span style=\"color: #007078;\"><strong>Et si vous changiez pour des limes offrant une r\u00e9elle avanc\u00e9e en terme de souplesse et flexibilit\u00e9 ?<\/strong><\/span><\/p>\n<p style=\"text-align: center;\"><span style=\"color: #000000;\">Avec les limes IO Endo, IONYX innove en proposant un produit qui s&rsquo;adapte parfaitement \u00e0 tous types de canaux:<br \/>\nsimples ou complexes, tr\u00e8s \u00e9troits ou courb\u00e9s<\/span><\/p>\n<p>[\/vc_column_text][\/vc_column][vc_column width=\u00a0\u00bb1\/6&Prime;][\/vc_column][\/vc_row][vc_row][vc_column width=\u00a0\u00bb1\/3&Prime;][vc_btn title=\u00a0\u00bbPOINTS FORTS DE IO ENDO\u00a0\u00bb style=\u00a0\u00bbcustom\u00a0\u00bb custom_background=\u00a0\u00bb#007078&Prime; custom_text=\u00a0\u00bb#ffffff\u00a0\u00bb align=\u00a0\u00bbcenter\u00a0\u00bb i_icon_fontawesome=\u00a0\u00bbfa fa-angle-right\u00a0\u00bb add_icon=\u00a0\u00bbtrue\u00a0\u00bb link=\u00a0\u00bburl:%23points-forts||\u00a0\u00bb][\/vc_column][vc_column width=\u00a0\u00bb1\/3&Prime;][vc_btn title=\u00a0\u00bbCARACT\u00c9RISTIQUES TECHNIQUES\u00a0\u00bb style=\u00a0\u00bbcustom\u00a0\u00bb custom_background=\u00a0\u00bb#007078&Prime; custom_text=\u00a0\u00bb#ffffff\u00a0\u00bb align=\u00a0\u00bbcenter\u00a0\u00bb i_icon_fontawesome=\u00a0\u00bbfa fa-angle-right\u00a0\u00bb add_icon=\u00a0\u00bbtrue\u00a0\u00bb link=\u00a0\u00bburl:%23caracteristiques-techniques||\u00a0\u00bb][\/vc_column][vc_column width=\u00a0\u00bb1\/3&Prime;][vc_btn title=\u00a0\u00bbCOMMANDER LES LIMES IO ENDO\u00a0\u00bb style=\u00a0\u00bbcustom\u00a0\u00bb custom_background=\u00a0\u00bb#000000&Prime; custom_text=\u00a0\u00bb#ffffff\u00a0\u00bb align=\u00a0\u00bbcenter\u00a0\u00bb i_icon_fontawesome=\u00a0\u00bbfa fa-angle-right\u00a0\u00bb add_icon=\u00a0\u00bbtrue\u00a0\u00bb link=\u00a0\u00bburl:http%3A%2F%2Fwww.ionyx.eu%2Ffr%2Fboutique%2Fcat%2Fio-endo-ionyx%2F|||\u00a0\u00bb][\/vc_column][\/vc_row][vc_row full_width=\u00a0\u00bbstretch_row\u00a0\u00bb css=\u00a0\u00bb.vc_custom_1461339446752{background-color: #f6f6f6 !important;}\u00a0\u00bb el_id=\u00a0\u00bbpoints-forts\u00a0\u00bb][vc_column][vc_column_text]<\/p>\n<h2 style=\"text-align: center;\">Les points forts des limes IO ENDO<\/h2>\n<p>[\/vc_column_text][vc_separator border_width=\u00a0\u00bb3&Prime; el_width=\u00a0\u00bb70&Prime;][vc_row_inner css=\u00a0\u00bb.vc_custom_1461338847651{margin-bottom: 0px !important;}\u00a0\u00bb][vc_column_inner width=\u00a0\u00bb1\/2&Prime;][vc_column_text]<\/p>\n<h3>performance<\/h3>\n<p class=\"p1\">Les limes IO Endo \u00e9pousent parfaitement la forme du canal, ce qui vous permet de travailler en toute s\u00e9curit\u00e9. La finesse de sa pointe non-coupante, combin\u00e9e aux deux extr\u00e9mit\u00e9s tranchantes de sa lame, assure une <strong>d\u00e9coupe efficace, \u00e9vitant ainsi tout risque de blocage, fausse route ou perforation.<\/strong><\/p>\n<p>[\/vc_column_text][\/vc_column_inner][vc_column_inner width=\u00a0\u00bb1\/2&Prime;][vc_column_text]<\/p>\n<h3>efficacit\u00e9<\/h3>\n<p class=\"p1\">La gamme IO Endo vous offre une solution compl\u00e8te : <strong>IO Endo Small, Medium ou Large,<\/strong> pour traiter les canaux les plus simples aux plus complexes ; <strong>IO Endo Retreatment,<\/strong> pour \u00e9liminer les mat\u00e9riaux d&rsquo;obturation.<\/p>\n<p>[\/vc_column_text][\/vc_column_inner][\/vc_row_inner][vc_row_inner][vc_column_inner][vc_column_text]<\/p>\n<h3>simplicit\u00e9<\/h3>\n<p class=\"p1\">Chaque pack de limes IO Endo contient un trio ou un quatuor de limes, tr\u00e8s facilement identifiables \u00e0 l&rsquo;aide d&rsquo;anneaux de couleur grav\u00e9s sur la tige. Gagnez du temps dans la r\u00e9alisation de vos soins. Travailler avec <strong>les limes IO Endo c&rsquo;est l&rsquo;assurance d&rsquo;un travail rapide, efficace et surtout, adapt\u00e9 \u00e0 chaque cas.<\/strong><\/p>\n<p>[\/vc_column_text][\/vc_column_inner][\/vc_row_inner][\/vc_column][\/vc_row][vc_row][vc_column width=\u00a0\u00bb1\/6&Prime;][\/vc_column][vc_column width=\u00a0\u00bb2\/3&Prime;][vc_single_image image=\u00a0\u00bb2468&Prime; img_size=\u00a0\u00bbfull\u00a0\u00bb alignment=\u00a0\u00bbcenter\u00a0\u00bb onclick=\u00a0\u00bblink_image\u00a0\u00bb][\/vc_column][vc_column width=\u00a0\u00bb1\/6&Prime;][\/vc_column][\/vc_row][vc_row full_width=\u00a0\u00bbstretch_row\u00a0\u00bb css=\u00a0\u00bb.vc_custom_1461339483176{background-color: #f6f6f6 !important;}\u00a0\u00bb el_id=\u00a0\u00bbcaracteristiques-techniques\u00a0\u00bb][vc_column][vc_column_text]<\/p>\n<h2 style=\"text-align: center;\">Comment choisir mes limes IO Endo ?<\/h2>\n<p>[\/vc_column_text][vc_separator border_width=\u00a0\u00bb3&Prime; el_width=\u00a0\u00bb70&Prime;][vc_row_inner css=\u00a0\u00bb.vc_custom_1461338847651{margin-bottom: 0px !important;}\u00a0\u00bb][vc_column_inner width=\u00a0\u00bb1\/4&Prime;][vc_column_text]<\/p>\n<h3 style=\"text-align: center;\">IO Endo Small<br \/>\n(apicale \u00e9troite)<\/h3>\n<p style=\"text-align: center;\">Pour canaux tr\u00e8s \u00e9troits ou courb\u00e9s, \u00e0 utiliser en compl\u00e9ment d&rsquo;une pr\u00e9paration initiale avec IO Endo Medium.<\/p>\n<p>[\/vc_column_text][vc_single_image image=\u00a0\u00bb2482&Prime; img_size=\u00a0\u00bbmedium\u00a0\u00bb alignment=\u00a0\u00bbcenter\u00a0\u00bb][\/vc_column_inner][vc_column_inner width=\u00a0\u00bb1\/4&Prime;][vc_column_text]<\/p>\n<h3 style=\"text-align: center;\">IO Endo Medium<br \/>\n(apicale normale)<\/h3>\n<p style=\"text-align: center;\">Pour canaux droits ou l\u00e9g\u00e8rement courb\u00e9s et de diam\u00e8tre standard.<br \/>\n<span style=\"color: #fcfcfc;\">.<\/span><\/p>\n<p>[\/vc_column_text][vc_single_image image=\u00a0\u00bb2478&Prime; img_size=\u00a0\u00bbmedium\u00a0\u00bb alignment=\u00a0\u00bbcenter\u00a0\u00bb][\/vc_column_inner][vc_column_inner width=\u00a0\u00bb1\/4&Prime;][vc_column_text]<\/p>\n<h3 style=\"text-align: center;\">IO Endo Large<br \/>\n(apicale large)<\/h3>\n<p style=\"text-align: center;\">Pour canaux larges, \u00e0 utiliser en compl\u00e9ment d&rsquo;une pr\u00e9paration initiale avec IO Endo Medium.<\/p>\n<p>[\/vc_column_text][vc_single_image image=\u00a0\u00bb2476&Prime; img_size=\u00a0\u00bbmedium\u00a0\u00bb alignment=\u00a0\u00bbcenter\u00a0\u00bb][\/vc_column_inner][vc_column_inner width=\u00a0\u00bb1\/4&Prime;][vc_column_text]<\/p>\n<h3 style=\"text-align: center;\">IO Endo<br \/>\nRetreatment<\/h3>\n<p class=\"p1\" style=\"text-align: center;\">Pour \u00e9liminer les anciens<br \/>\nmat\u00e9riaux d&rsquo;obturation.<br \/>\n<span style=\"color: #f6f6f6;\">ionyx<\/span><\/p>\n<p>[\/vc_column_text][vc_single_image image=\u00a0\u00bb3053&Prime; img_size=\u00a0\u00bbmedium\u00a0\u00bb alignment=\u00a0\u00bbcenter\u00a0\u00bb][\/vc_column_inner][\/vc_row_inner][\/vc_column][\/vc_row][vc_row][vc_column width=\u00a0\u00bb1\/6&Prime;][\/vc_column][vc_column width=\u00a0\u00bb2\/3&Prime;][vc_single_image image=\u00a0\u00bb3048&Prime; img_size=\u00a0\u00bbfull\u00a0\u00bb alignment=\u00a0\u00bbcenter\u00a0\u00bb onclick=\u00a0\u00bblink_image\u00a0\u00bb][\/vc_column][vc_column width=\u00a0\u00bb1\/6&Prime;][\/vc_column][\/vc_row][vc_row full_width=\u00a0\u00bbstretch_row\u00a0\u00bb css=\u00a0\u00bb.vc_custom_1461339483176{background-color: #f6f6f6 !important;}\u00a0\u00bb][vc_column][vc_column_text]<\/p>\n<h2 style=\"text-align: center;\">Protocole d&rsquo;utilisation des limes IO\u00a0Endo<\/h2>\n<p>[\/vc_column_text][vc_separator border_width=\u00a0\u00bb3&Prime; el_width=\u00a0\u00bb70&Prime;][vc_row_inner css=\u00a0\u00bb.vc_custom_1461338847651{margin-bottom: 0px !important;}\u00a0\u00bb][vc_column_inner width=\u00a0\u00bb1\/2&Prime;][vc_single_image image=\u00a0\u00bb3046&Prime; img_size=\u00a0\u00bbfull\u00a0\u00bb alignment=\u00a0\u00bbcenter\u00a0\u00bb onclick=\u00a0\u00bbimg_link_large\u00a0\u00bb img_link_target=\u00a0\u00bb_blank\u00a0\u00bb][\/vc_column_inner][vc_column_inner width=\u00a0\u00bb1\/2&Prime;][vc_single_image image=\u00a0\u00bb3044&Prime; img_size=\u00a0\u00bbfull\u00a0\u00bb alignment=\u00a0\u00bbcenter\u00a0\u00bb onclick=\u00a0\u00bbimg_link_large\u00a0\u00bb img_link_target=\u00a0\u00bb_blank\u00a0\u00bb][\/vc_column_inner][\/vc_row_inner][\/vc_column][\/vc_row][vc_row][vc_column width=\u00a0\u00bb1\/6&Prime;][\/vc_column][vc_column width=\u00a0\u00bb2\/3&Prime;][vc_column_text]<\/p>\n<p class=\"p1\" style=\"text-align: center;\">Vous pouvez commander les nouvelles limes IO Endo directement depuis notre <a href=\"#\">boutique en ligne<\/a> ou en nous envoyant votre demande par email \u00e0\u00a0<span style=\"color: #007078;\"><a style=\"color: #007078; text-decoration: underline;\" href=\"mailto:ionyx@ionyx.eu\">ionyx@ionyx.eu<\/a><\/span><\/p>\n<p>[\/vc_column_text][vc_row_inner][vc_column_inner width=\u00a0\u00bb1\/2&Prime;][vc_btn title=\u00a0\u00bbFiche technique PDF\u00a0\u00bb style=\u00a0\u00bbcustom\u00a0\u00bb custom_background=\u00a0\u00bb#23282d\u00a0\u00bb custom_text=\u00a0\u00bb#ffffff\u00a0\u00bb align=\u00a0\u00bbcenter\u00a0\u00bb i_icon_fontawesome=\u00a0\u00bbfa fa-download\u00a0\u00bb add_icon=\u00a0\u00bbtrue\u00a0\u00bb link=\u00a0\u00bburl:http%3A%2F%2Fwww.ionyx.eu%2Fwp-content%2Fuploads%2F20190122_Limes-IO-ENDO_FR_IONYX.pdf||target:%20_blank|\u00a0\u00bb][\/vc_column_inner][vc_column_inner width=\u00a0\u00bb1\/2&Prime;][vc_btn title=\u00a0\u00bbCOMMANDER LES LIMES IO ENDO\u00a0\u00bb style=\u00a0\u00bbcustom\u00a0\u00bb custom_background=\u00a0\u00bb#007078&Prime; custom_text=\u00a0\u00bb#ffffff\u00a0\u00bb align=\u00a0\u00bbcenter\u00a0\u00bb i_icon_fontawesome=\u00a0\u00bbfa fa-angle-right\u00a0\u00bb add_icon=\u00a0\u00bbtrue\u00a0\u00bb link=\u00a0\u00bburl:http%3A%2F%2Fwww.ionyx.eu%2Ffr%2Fboutique%2Fcat%2Fio-endo-ionyx%2F|||\u00a0\u00bb][\/vc_column_inner][\/vc_row_inner][\/vc_column][vc_column width=\u00a0\u00bb1\/6&Prime;][\/vc_column][\/vc_row]<\/p>\n","protected":false},"excerpt":{"rendered":"<p>[vc_row][vc_column][vc_single_image image=\u00a0\u00bb2814&Prime; img_size=\u00a0\u00bbfull\u00a0\u00bb alignment=\u00a0\u00bbcenter\u00a0\u00bb][\/vc_column][\/vc_row][vc_row][vc_column width=\u00a0\u00bb1\/6&Prime;][\/vc_column][vc_column width=\u00a0\u00bb2\/3&Prime;][vc_column_text] Et si vous changiez pour des limes offrant une r\u00e9elle avanc\u00e9e en terme de souplesse et flexibilit\u00e9 ? Avec les<span class=\"excerpt-hellip\"> [\u2026]<\/span><\/p>\n","protected":false},"author":1,"featured_media":0,"parent":0,"menu_order":0,"comment_status":"closed","ping_status":"closed","template":"","meta":[],"yoast_head":"<!-- This site is optimized with the Yoast SEO plugin v15.2.1 - https:\/\/yoast.com\/wordpress\/plugins\/seo\/ -->\n<title>IO ENDO | Rotary Files - IONYX<\/title>\n<meta name=\"description\" content=\"Et si vous changiez pour des limes offrant une r\u00e9elle avanc\u00e9e en terme de souplesse et flexibilit\u00e9 ? Avec les limes IO Endo, IONYX innove en proposant un\" \/>\n<meta name=\"robots\" content=\"index, follow, max-snippet:-1, max-image-preview:large, max-video-preview:-1\" \/>\n<link rel=\"canonical\" href=\"https:\/\/www.ionyx.eu\/fr\/io-endo-rotary-file\/\" \/>\n<meta property=\"og:locale\" content=\"fr_FR\" \/>\n<meta property=\"og:type\" content=\"article\" \/>\n<meta property=\"og:title\" content=\"IO ENDO | Rotary Files - IONYX\" \/>\n<meta property=\"og:description\" content=\"Et si vous changiez pour des limes offrant une r\u00e9elle avanc\u00e9e en terme de souplesse et flexibilit\u00e9 ? Avec les limes IO Endo, IONYX innove en proposant un\" \/>\n<meta property=\"og:url\" content=\"https:\/\/www.ionyx.eu\/fr\/io-endo-rotary-file\/\" \/>\n<meta property=\"og:site_name\" content=\"IONYX\" \/>\n<meta property=\"article:modified_time\" content=\"2020-03-09T10:44:03+00:00\" \/>\n<meta property=\"og:image\" content=\"https:\/\/www.ionyx.eu\/wp-content\/uploads\/facebook.png\" \/>\n\t<meta property=\"og:image:width\" content=\"1200\" \/>\n\t<meta property=\"og:image:height\" content=\"630\" \/>\n<meta name=\"twitter:card\" content=\"summary\" \/>\n<meta name=\"twitter:label1\" content=\"\u00c9crit par\">\n\t<meta name=\"twitter:data1\" content=\"IONYX\">\n\t<meta name=\"twitter:label2\" content=\"Dur\u00e9e de lecture est.\">\n\t<meta name=\"twitter:data2\" content=\"4 minutes\">\n<script type=\"application\/ld+json\" class=\"yoast-schema-graph\">{\"@context\":\"https:\/\/schema.org\",\"@graph\":[{\"@type\":\"WebSite\",\"@id\":\"https:\/\/www.ionyx.eu\/fr\/#website\",\"url\":\"https:\/\/www.ionyx.eu\/fr\/\",\"name\":\"IONYX\",\"description\":\"Concepteur et fabricant fran\\u00e7ais reconnu dans l\\u2019endodontie depuis plus de 25 ans\",\"potentialAction\":[{\"@type\":\"SearchAction\",\"target\":\"https:\/\/www.ionyx.eu\/fr\/?s={search_term_string}\",\"query-input\":\"required name=search_term_string\"}],\"inLanguage\":\"fr-FR\"},{\"@type\":\"WebPage\",\"@id\":\"https:\/\/www.ionyx.eu\/fr\/io-endo-rotary-file\/#webpage\",\"url\":\"https:\/\/www.ionyx.eu\/fr\/io-endo-rotary-file\/\",\"name\":\"IO ENDO | Rotary Files - IONYX\",\"isPartOf\":{\"@id\":\"https:\/\/www.ionyx.eu\/fr\/#website\"},\"datePublished\":\"2019-02-25T09:28:05+00:00\",\"dateModified\":\"2020-03-09T10:44:03+00:00\",\"description\":\"Et si vous changiez pour des limes offrant une r\\u00e9elle avanc\\u00e9e en terme de souplesse et flexibilit\\u00e9 ? Avec les limes IO Endo, IONYX innove en proposant un\",\"inLanguage\":\"fr-FR\",\"potentialAction\":[{\"@type\":\"ReadAction\",\"target\":[\"https:\/\/www.ionyx.eu\/fr\/io-endo-rotary-file\/\"]}]}]}<\/script>\n<!-- \/ Yoast SEO plugin. -->","_links":{"self":[{"href":"https:\/\/www.ionyx.eu\/fr\/wp-json\/wp\/v2\/pages\/2456\/"}],"collection":[{"href":"https:\/\/www.ionyx.eu\/fr\/wp-json\/wp\/v2\/pages\/"}],"about":[{"href":"https:\/\/www.ionyx.eu\/fr\/wp-json\/wp\/v2\/types\/page\/"}],"author":[{"embeddable":true,"href":"https:\/\/www.ionyx.eu\/fr\/wp-json\/wp\/v2\/users\/1\/"}],"replies":[{"embeddable":true,"href":"https:\/\/www.ionyx.eu\/fr\/wp-json\/wp\/v2\/comments\/?post=2456"}],"version-history":[{"count":3,"href":"https:\/\/www.ionyx.eu\/fr\/wp-json\/wp\/v2\/pages\/2456\/revisions\/"}],"predecessor-version":[{"id":3055,"href":"https:\/\/www.ionyx.eu\/fr\/wp-json\/wp\/v2\/pages\/2456\/revisions\/3055\/"}],"wp:attachment":[{"href":"https:\/\/www.ionyx.eu\/fr\/wp-json\/wp\/v2\/media\/?parent=2456"}],"curies":[{"name":"wp","href":"https:\/\/api.w.org\/{rel}","templated":true}]}}