{"id":24,"date":"2016-03-16T17:28:43","date_gmt":"2016-03-16T16:28:43","guid":{"rendered":"https:\/\/www.ionyx.eu\/?page_id=24"},"modified":"2025-06-03T11:09:24","modified_gmt":"2025-06-03T09:09:24","slug":"contact","status":"publish","type":"page","link":"https:\/\/www.ionyx.eu\/fr\/contact\/","title":{"rendered":"Contact"},"content":{"rendered":"<p>[vc_row][vc_column]<div class=\"fancy_heading fancy_heading_line\"><h1 class=\"title\">Contactez-nous<\/h1><div class=\"inside\">Notre e\u0301quipe est a\u0300 votre disposition du lundi au vendredi, de 8h30 a\u0300 17h30<\/div><\/div>\n[\/vc_column][\/vc_row][vc_row gap=\u00a0\u00bb20&Prime;][vc_column width=\u00a0\u00bb1\/2&Prime; css=\u00a0\u00bb.vc_custom_1460020866826{margin-bottom: 35px !important;padding-top: 40px !important;padding-right: 20px !important;padding-bottom: 0px !important;padding-left: 20px !important;background-color: #f1f1f1 !important;border-radius: 5px !important;}\u00a0\u00bb][vc_column_text]<\/p>\n<h2 style=\"text-align: center;\">Vous souhaitez en savoir plus sur la soci\u00e9t\u00e9 IONYX ou obtenir des informations ?<\/h2>\n<p>[\/vc_column_text]<div role=\"form\" class=\"wpcf7\" id=\"wpcf7-f4-o1\" lang=\"fr-FR\" dir=\"ltr\">\n<div class=\"screen-reader-response\"><p role=\"status\" aria-live=\"polite\" aria-atomic=\"true\"><\/p> <ul><\/ul><\/div>\n<form action=\"\/fr\/wp-json\/wp\/v2\/pages\/24\/#wpcf7-f4-o1\" method=\"post\" class=\"wpcf7-form init\" novalidate=\"novalidate\" data-status=\"init\">\n<div style=\"display: none;\">\n<input type=\"hidden\" name=\"_wpcf7\" value=\"4\" \/>\n<input type=\"hidden\" name=\"_wpcf7_version\" value=\"5.3\" \/>\n<input type=\"hidden\" name=\"_wpcf7_locale\" value=\"fr_FR\" \/>\n<input type=\"hidden\" name=\"_wpcf7_unit_tag\" value=\"wpcf7-f4-o1\" \/>\n<input type=\"hidden\" name=\"_wpcf7_container_post\" value=\"0\" \/>\n<input type=\"hidden\" name=\"_wpcf7_posted_data_hash\" value=\"\" \/>\n<input type=\"hidden\" name=\"_wpcf7_recaptcha_response\" value=\"\" \/>\n<\/div>\n<div class=\"row\">\n<div class=\"vc_col-sm-6\">\n<p>\n      <label for=\"name\">Nom*<\/label> <span class=\"wpcf7-form-control-wrap your-name\"><input type=\"text\" name=\"your-name\" value=\"\" size=\"40\" class=\"wpcf7-form-control wpcf7-text wpcf7-validates-as-required\" id=\"name\" aria-required=\"true\" aria-invalid=\"false\" \/><\/span>\n    <\/p>\n<\/p><\/div>\n<div class=\"vc_col-sm-6\">\n<p>\n      <label for=\"company\">Soci\u00e9t\u00e9<\/label> <span class=\"wpcf7-form-control-wrap your-company\"><input type=\"text\" name=\"your-company\" value=\"\" size=\"40\" class=\"wpcf7-form-control wpcf7-text\" id=\"company\" aria-invalid=\"false\" \/><\/span>\n    <\/p>\n<\/p><\/div>\n<\/div>\n<div class=\"row\">\n<div class=\"vc_col-sm-6\">\n<p>\n      <label for=\"email\">Email*<\/label> <span class=\"wpcf7-form-control-wrap your-email\"><input type=\"email\" name=\"your-email\" value=\"\" size=\"40\" class=\"wpcf7-form-control wpcf7-text wpcf7-email wpcf7-validates-as-required wpcf7-validates-as-email\" id=\"email\" aria-required=\"true\" aria-invalid=\"false\" \/><\/span>\n    <\/p>\n<\/p><\/div>\n<div class=\"vc_col-sm-6\">\n<p>\n      <label for=\"phone\">T\u00e9l\u00e9phone<\/label> <span class=\"wpcf7-form-control-wrap your-phone\"><input type=\"text\" name=\"your-phone\" value=\"\" size=\"40\" class=\"wpcf7-form-control wpcf7-text\" id=\"phone\" aria-invalid=\"false\" \/><\/span>\n    <\/p>\n<\/p><\/div>\n<\/div>\n<div class=\"row\">\n<div class=\"vc_col-sm-6\">\n<p>\n      <label for=\"subject\">Objet de votre demande*<\/label> <span class=\"wpcf7-form-control-wrap subject\"><select name=\"subject\" class=\"wpcf7-form-control wpcf7-select wpcf7-validates-as-required\" id=\"subject\" aria-required=\"true\" aria-invalid=\"false\"><option value=\"\">---<\/option><option value=\"Informations commerciales\">Informations commerciales<\/option><option value=\"Informations techniques\">Informations techniques<\/option><option value=\"SAV\">SAV<\/option><option value=\"Autre\">Autre<\/option><\/select><\/span>\n    <\/p>\n<\/p><\/div>\n<div class=\"vc_col-sm-6\">\n<p>\n      <label for=\"product\">Produit concern\u00e9*<\/label> <span class=\"wpcf7-form-control-wrap product\"><select name=\"product\" class=\"wpcf7-form-control wpcf7-select wpcf7-validates-as-required\" id=\"product\" aria-required=\"true\" aria-invalid=\"false\"><option value=\"\">---<\/option><option value=\"Endy 6200\">Endy 6200<\/option><option value=\"Locapex Five\">Locapex Five<\/option><option value=\"Endy NT2\">Endy NT2<\/option><option value=\"Apex Express\">Apex Express<\/option><option value=\"Apex Master\">Apex Master<\/option><option value=\"Endo Master V1\">Endo Master V1<\/option><option value=\"Endo Master V2\">Endo Master V2<\/option><option value=\"Endo Master V3\">Endo Master V3<\/option><option value=\"Endy 5000\">Endy 5000<\/option><option value=\"Endy 6000 V1\">Endy 6000 V1<\/option><option value=\"Endy 6000 V2\">Endy 6000 V2<\/option><option value=\"Endy 7000\">Endy 7000<\/option><option value=\"Endy NT\">Endy NT<\/option><option value=\"Locapex 3000\">Locapex 3000<\/option><option value=\"Locapex 4000\">Locapex 4000<\/option><option value=\"Je ne sais pas\">Je ne sais pas<\/option><option value=\"Autre\">Autre<\/option><\/select><\/span>\n    <\/p>\n<\/p><\/div>\n<\/div>\n<div class=\"row\">\n<div class=\"vc_col-sm-12\">\n<p>\n      <label for=\"message\">Votre message*<\/label> <span class=\"wpcf7-form-control-wrap your-message\"><textarea name=\"your-message\" cols=\"40\" rows=\"10\" class=\"wpcf7-form-control wpcf7-textarea wpcf7-validates-as-required\" id=\"message\" aria-required=\"true\" aria-invalid=\"false\"><\/textarea><\/span>\n    <\/p>\n<\/p><\/div>\n<\/div>\n<div class=\"row\">\n<div class=\"vc_col-sm-12\">\n<div class=\"wpcf7-response-output\" aria-hidden=\"true\"><\/div><\/div>\n<\/div>\n<div class=\"row\">\n<div class=\"vc_col-sm-12\">\n<\/div>\n<\/div>\n<div class=\"row\">\n<div class=\"vc_col-sm-12\" style=\"margin-top: 15px\">\n<p style=\"text-align: center;\"><input type=\"submit\" value=\"Envoyer votre message\" class=\"wpcf7-form-control wpcf7-submit\" \/><\/p>\n<\/p><\/div>\n<\/div>\n<p style=\"font-style:italic\">* Champ obligatoire<\/p>\n<p><script type=\"text\/javascript\">\n    jQuery(\"#subject option:first:contains('---')\").html('Choisissez...');\n    jQuery(\"#product option:first:contains('---')\").html('Choisissez...');\n<\/script><\/p>\n<\/form><\/div>[\/vc_column][vc_column width=\u00a0\u00bb1\/2&Prime;]<div class=\"get_in_touch\" ><h3>Soci\u00e9t\u00e9 IONYX<\/h3><div class=\"get_in_touch_wrapper\"><ul><li class=\"address\"><span class=\"icon\"><i class=\"icon-location\"><\/i><\/span><span class=\"address_wrapper\">5 rue du Vergne<br \/>\n33300 BORDEAUX<br \/>\nFrance<\/span><\/li><li class=\"phone phone-1\"><span class=\"icon\"><i class=\"icon-phone\"><\/i><\/span><p><a href=\"tel:+33973884094\">+33 9 73 88 40 94<\/a><\/p><\/li><li class=\"phone phone-2\"><span class=\"icon\"><i class=\"icon-phone\"><\/i><\/span><p><a href=\"tel:+33766455071\">+33 7 66 45 50 71<\/a><\/p><\/li><li class=\"mail\"><span class=\"icon\"><i class=\"icon-mail\"><\/i><\/span><p><a href=\"mailto:ionyx@ionyx.eu\">ionyx@ionyx.eu<\/a><\/p><\/li><\/ul><\/div><\/div>\n[vc_gmaps link=\u00a0\u00bb#E-8_JTNDaWZyYW1lJTIwc3JjJTNEJTIyaHR0cHMlM0ElMkYlMkZ3d3cuZ29vZ2xlLmNvbSUyRm1hcHMlMkZlbWJlZCUzRnBiJTNEJTIxMW0xOCUyMTFtMTIlMjExbTMlMjExZDI4MjYuNDY0NDMzNDcxNTU5JTIxMmQtMC41NjM2NjI2ODQyODI0NjQ4JTIxM2Q0NC44OTM1NDY5NzkzNTg4NDUlMjEybTMlMjExZjAlMjEyZjAlMjEzZjAlMjEzbTIlMjExaTEwMjQlMjEyaTc2OCUyMTRmMTMuMSUyMTNtMyUyMTFtMiUyMTFzMHhkNTUyOTA3MDBiZGI0NGYlMjUzQTB4Njk1NTI5M2YwZjEyYzMxZSUyMTJzNSUyNTIwUnVlJTI1MjBkdSUyNTIwVmVyZ25lJTI1MkMlMjUyMDMzMzAwJTI1MjBCb3JkZWF1eCUyMTVlMCUyMTNtMiUyMTFzZnIlMjEyc2ZyJTIxNHYxNjMxNzc1MzgyMDExJTIxNW0yJTIxMXNmciUyMTJzZnIlMjIlMjB3aWR0aCUzRCUyMjYwMCUyMiUyMGhlaWdodCUzRCUyMjQ1MCUyMiUyMHN0eWxlJTNEJTIyYm9yZGVyJTNBMCUzQiUyMiUyMGFsbG93ZnVsbHNjcmVlbiUzRCUyMiUyMiUyMGxvYWRpbmclM0QlMjJsYXp5JTIyJTNFJTNDJTJGaWZyYW1lJTNF\u00a0\u00bb size=\u00a0\u00bb300&Prime;][\/vc_column][\/vc_row][vc_row][vc_column][vc_column_text]<\/p>\n<p style=\"text-align: justify;\"><span style=\"font-size: 8pt;\">MENTION LEGALE :<\/span><br \/>\n<span style=\"font-size: 8pt;\">Les informations recueillies par l\u2019interm\u00e9diaire de ce formulaire font l\u2019objet d\u2019un traitement informatique destin\u00e9 aux services de IONYX. Conform\u00e9ment \u00e0 la loi \u00ab Informatique et Libert\u00e9s \u00bb du 6 janvier 1978 modifi\u00e9e en 2004 et au \u00ab R\u00e8glement n\u00b02016\/679 du Parlement Europ\u00e9en et du Conseil du 27 avril 2016 relatif \u00e0 la protection des personnes physiques \u00e0 l\u2019\u00e9gard du traitement des donn\u00e9es \u00e0 caract\u00e8re personnel et \u00e0 la libre circulation de ces donn\u00e9es \u00bb, vous disposez notamment d\u2019un droit d\u2019acc\u00e8s, de rectification, d\u2019opposition, pour des motifs l\u00e9gitimes, au traitement de vos donn\u00e9es personnelles, et au droit de vous opposer \u00e0 la transmission \u00e0 des tiers d\u2019informations personnelles vous concernant ou \u00e0 la r\u00e9ception d\u2019informations commerciales. Vous disposez \u00e9galement du droit de formuler des directives g\u00e9n\u00e9rales ou particuli\u00e8res \u00e0 la conservation, \u00e0 l\u2019effacement et \u00e0 la communication de vos donn\u00e9es \u00e0 caract\u00e8re personnel. Pour exercer vos droits, veuillez adresser un courriel \u00e0 <a href=\"mailto:ionyx@ionyx.eu\">ionyx@ionyx.eu<\/a>. Sans pr\u00e9judice des obligations de conservation ou des d\u00e9lais de souscription, les donn\u00e9es \u00e0 caract\u00e8re personnel ne sont conserv\u00e9es, en base active, sous une forme permettant l\u2019identification, que pendant une dur\u00e9e qui n\u2019exc\u00e8de pas la dur\u00e9e n\u00e9cessaire aux finalit\u00e9s pour lesquelles elles sont collect\u00e9es et trait\u00e9es.<\/span><\/p>\n<p>[\/vc_column_text][vc_empty_space][\/vc_column][\/vc_row]<\/p>\n","protected":false},"excerpt":{"rendered":"<p>[vc_row][vc_column][\/vc_column][\/vc_row][vc_row gap=\u00a0\u00bb20&Prime;][vc_column width=\u00a0\u00bb1\/2&Prime; css=\u00a0\u00bb.vc_custom_1460020866826{margin-bottom: 35px !important;padding-top: 40px !important;padding-right: 20px !important;padding-bottom: 0px !important;padding-left: 20px !important;background-color: #f1f1f1 !important;border-radius: 5px !important;}\u00a0\u00bb][vc_column_text] Vous souhaitez en savoir plus sur la soci\u00e9t\u00e9<span class=\"excerpt-hellip\"> [\u2026]<\/span><\/p>\n","protected":false},"author":1,"featured_media":0,"parent":0,"menu_order":0,"comment_status":"closed","ping_status":"closed","template":"","meta":[],"yoast_head":"<!-- This site is optimized with the Yoast SEO plugin v15.2.1 - https:\/\/yoast.com\/wordpress\/plugins\/seo\/ -->\n<title>Contactez la soci\u00e9t\u00e9 IONYX<\/title>\n<meta name=\"description\" content=\"Notre e\u0301quipe est a\u0300 votre disposition du lundi au vendredi, de 8h30 a\u0300 17h30 : +33 (0)9 73 88 40 94\" \/>\n<meta name=\"robots\" content=\"index, follow, max-snippet:-1, max-image-preview:large, max-video-preview:-1\" \/>\n<link rel=\"canonical\" href=\"https:\/\/www.ionyx.eu\/fr\/contact\/\" \/>\n<meta property=\"og:locale\" content=\"fr_FR\" \/>\n<meta property=\"og:type\" content=\"article\" \/>\n<meta property=\"og:title\" content=\"Contactez la soci\u00e9t\u00e9 IONYX\" \/>\n<meta property=\"og:description\" content=\"Notre e\u0301quipe est a\u0300 votre disposition du lundi au vendredi, de 8h30 a\u0300 17h30 : +33 (0)9 73 88 40 94\" \/>\n<meta property=\"og:url\" content=\"https:\/\/www.ionyx.eu\/fr\/contact\/\" \/>\n<meta property=\"og:site_name\" content=\"IONYX\" \/>\n<meta property=\"article:modified_time\" content=\"2025-06-03T09:09:24+00:00\" \/>\n<meta property=\"og:image\" content=\"https:\/\/www.ionyx.eu\/wp-content\/uploads\/facebook.png\" \/>\n\t<meta property=\"og:image:width\" content=\"1200\" \/>\n\t<meta property=\"og:image:height\" content=\"630\" \/>\n<meta name=\"twitter:card\" content=\"summary\" \/>\n<meta name=\"twitter:label1\" content=\"\u00c9crit par\">\n\t<meta name=\"twitter:data1\" content=\"IONYX\">\n\t<meta name=\"twitter:label2\" content=\"Dur\u00e9e de lecture est.\">\n\t<meta name=\"twitter:data2\" content=\"2 minutes\">\n<script type=\"application\/ld+json\" class=\"yoast-schema-graph\">{\"@context\":\"https:\/\/schema.org\",\"@graph\":[{\"@type\":\"WebSite\",\"@id\":\"https:\/\/www.ionyx.eu\/fr\/#website\",\"url\":\"https:\/\/www.ionyx.eu\/fr\/\",\"name\":\"IONYX\",\"description\":\"Concepteur et fabricant fran\\u00e7ais reconnu dans l\\u2019endodontie depuis plus de 25 ans\",\"potentialAction\":[{\"@type\":\"SearchAction\",\"target\":\"https:\/\/www.ionyx.eu\/fr\/?s={search_term_string}\",\"query-input\":\"required name=search_term_string\"}],\"inLanguage\":\"fr-FR\"},{\"@type\":\"WebPage\",\"@id\":\"https:\/\/www.ionyx.eu\/fr\/contact\/#webpage\",\"url\":\"https:\/\/www.ionyx.eu\/fr\/contact\/\",\"name\":\"Contactez la soci\\u00e9t\\u00e9 IONYX\",\"isPartOf\":{\"@id\":\"https:\/\/www.ionyx.eu\/fr\/#website\"},\"datePublished\":\"2016-03-16T16:28:43+00:00\",\"dateModified\":\"2025-06-03T09:09:24+00:00\",\"description\":\"Notre e\\u0301quipe est a\\u0300 votre disposition du lundi au vendredi, de 8h30 a\\u0300 17h30 : +33 (0)9 73 88 40 94\",\"inLanguage\":\"fr-FR\",\"potentialAction\":[{\"@type\":\"ReadAction\",\"target\":[\"https:\/\/www.ionyx.eu\/fr\/contact\/\"]}]}]}<\/script>\n<!-- \/ Yoast SEO plugin. -->","_links":{"self":[{"href":"https:\/\/www.ionyx.eu\/fr\/wp-json\/wp\/v2\/pages\/24\/"}],"collection":[{"href":"https:\/\/www.ionyx.eu\/fr\/wp-json\/wp\/v2\/pages\/"}],"about":[{"href":"https:\/\/www.ionyx.eu\/fr\/wp-json\/wp\/v2\/types\/page\/"}],"author":[{"embeddable":true,"href":"https:\/\/www.ionyx.eu\/fr\/wp-json\/wp\/v2\/users\/1\/"}],"replies":[{"embeddable":true,"href":"https:\/\/www.ionyx.eu\/fr\/wp-json\/wp\/v2\/comments\/?post=24"}],"version-history":[{"count":7,"href":"https:\/\/www.ionyx.eu\/fr\/wp-json\/wp\/v2\/pages\/24\/revisions\/"}],"predecessor-version":[{"id":4000,"href":"https:\/\/www.ionyx.eu\/fr\/wp-json\/wp\/v2\/pages\/24\/revisions\/4000\/"}],"wp:attachment":[{"href":"https:\/\/www.ionyx.eu\/fr\/wp-json\/wp\/v2\/media\/?parent=24"}],"curies":[{"name":"wp","href":"https:\/\/api.w.org\/{rel}","templated":true}]}}